{"id":40,"date":"2024-08-13T11:08:10","date_gmt":"2024-08-13T09:08:10","guid":{"rendered":"https:\/\/olaf-viager.eu\/?page_id=40"},"modified":"2024-08-19T14:34:14","modified_gmt":"2024-08-19T12:34:14","slug":"le-nouveau-e-mucem-ouvre-ses-portes-2","status":"publish","type":"page","link":"https:\/\/olaf-viager.eu\/","title":{"rendered":"La plateforme de r\u00e9f\u00e9rence sur le viager."},"content":{"rendered":"\n<h2 class=\"wp-block-heading has-text-align-center\"><strong>Aide \u00e0 la d\u00e9cision et mise en relation pour les investissements en viager.<\/strong><\/h2>\n\n\n\n<div class=\"wp-block-media-text alignwide is-stacked-on-mobile is-image-fill is-style-default\"><figure class=\"wp-block-media-text__media\" style=\"background-image:url(http:\/\/olaf-viager.eu\/wp-content\/uploads\/2024\/08\/pexels-marcus-aurelius-6787970-1024x683.jpg);background-position:100% 49%\"><img fetchpriority=\"high\" decoding=\"async\" width=\"1024\" height=\"683\" src=\"http:\/\/olaf-viager.eu\/wp-content\/uploads\/2024\/08\/pexels-marcus-aurelius-6787970-1024x683.jpg\" alt=\"\" class=\"wp-image-95 size-full\" srcset=\"https:\/\/olaf-viager.eu\/wp-content\/uploads\/2024\/08\/pexels-marcus-aurelius-6787970-1024x683.jpg 1024w, https:\/\/olaf-viager.eu\/wp-content\/uploads\/2024\/08\/pexels-marcus-aurelius-6787970-300x200.jpg 300w, https:\/\/olaf-viager.eu\/wp-content\/uploads\/2024\/08\/pexels-marcus-aurelius-6787970-768x512.jpg 768w, https:\/\/olaf-viager.eu\/wp-content\/uploads\/2024\/08\/pexels-marcus-aurelius-6787970-1536x1024.jpg 1536w, https:\/\/olaf-viager.eu\/wp-content\/uploads\/2024\/08\/pexels-marcus-aurelius-6787970-2048x1365.jpg 2048w, https:\/\/olaf-viager.eu\/wp-content\/uploads\/2024\/08\/pexels-marcus-aurelius-6787970-1200x800.jpg 1200w, https:\/\/olaf-viager.eu\/wp-content\/uploads\/2024\/08\/pexels-marcus-aurelius-6787970-1980x1320.jpg 1980w\" sizes=\"(max-width: 1024px) 100vw, 1024px\" \/><\/figure><div class=\"wp-block-media-text__content\">\n<h3 class=\"wp-block-heading alignwide has-text-align-center\">Une plateforme innovante<\/h3>\n\n\n\n<ul class=\"wp-block-list\">\n<li>Nous offrons des outils au grand public afin de leur permettre d&#8217;\u00e9valuer la pertinence d&#8217;une vente ou d&#8217;un achat en viager. Ces outils nous permettent de nous constituer une base de prospects qualifi\u00e9s que nous pouvons mon\u00e9tiser aupr\u00e8s des agences immobili\u00e8res.<\/li>\n<\/ul>\n<\/div><\/div>\n\n\n\n<div class=\"wp-block-media-text alignwide has-media-on-the-right\"><div class=\"wp-block-media-text__content\">\n<h3 class=\"wp-block-heading has-text-align-center\">Des offres sp\u00e9cialis\u00e9es<\/h3>\n\n\n\n<ul class=\"wp-block-list\">\n<li>Olaf offre de la visibilit\u00e9 aux vendeurs sur le niveau de rente qu&#8217;ils peuvent esp\u00e9rer.<\/li>\n\n\n\n<li>Les acheteurs b\u00e9n\u00e9ficient d&#8217;une analyse multicrit\u00e8res de l&#8217;offre afin d&#8217;estimer la rentabilit\u00e9 attendue de leur transaction<\/li>\n\n\n\n<li>Olaf fournit aux agences locales des prospects qualifi\u00e9s et valorise leurs carnets d&#8217;adresse.<\/li>\n<\/ul>\n\n\n\n<p><\/p>\n<\/div><figure class=\"wp-block-media-text__media\"><img decoding=\"async\" width=\"2560\" height=\"1612\" src=\"https:\/\/olaf-viager.eu\/wp-content\/uploads\/2024\/08\/pexels-magda-ehlers-pexels-772177-scaled.jpg\" alt=\"\" class=\"wp-image-110 size-full\" srcset=\"https:\/\/olaf-viager.eu\/wp-content\/uploads\/2024\/08\/pexels-magda-ehlers-pexels-772177-scaled.jpg 2560w, https:\/\/olaf-viager.eu\/wp-content\/uploads\/2024\/08\/pexels-magda-ehlers-pexels-772177-300x189.jpg 300w, https:\/\/olaf-viager.eu\/wp-content\/uploads\/2024\/08\/pexels-magda-ehlers-pexels-772177-1024x645.jpg 1024w, https:\/\/olaf-viager.eu\/wp-content\/uploads\/2024\/08\/pexels-magda-ehlers-pexels-772177-768x484.jpg 768w, https:\/\/olaf-viager.eu\/wp-content\/uploads\/2024\/08\/pexels-magda-ehlers-pexels-772177-1536x967.jpg 1536w, https:\/\/olaf-viager.eu\/wp-content\/uploads\/2024\/08\/pexels-magda-ehlers-pexels-772177-2048x1290.jpg 2048w, https:\/\/olaf-viager.eu\/wp-content\/uploads\/2024\/08\/pexels-magda-ehlers-pexels-772177-1200x756.jpg 1200w, https:\/\/olaf-viager.eu\/wp-content\/uploads\/2024\/08\/pexels-magda-ehlers-pexels-772177-1980x1247.jpg 1980w\" sizes=\"(max-width: 2560px) 100vw, 2560px\" \/><\/figure><\/div>\n\n\n\n<div class=\"wp-block-columns alignwide is-layout-flex wp-container-core-columns-is-layout-9d6595d7 wp-block-columns-is-layout-flex\">\n<div class=\"wp-block-column is-layout-flow wp-block-column-is-layout-flow\">\n<div class=\"wp-block-group has-background\" style=\"background-color:#ffffff\"><div class=\"wp-block-group__inner-container is-layout-flow wp-block-group-is-layout-flow\">\n<h2 class=\"wp-block-heading has-text-align-center\">D\u00e9couvrez le fonctionnement du viager.<\/h2>\n\n\n\n<div class=\"wp-block-buttons is-content-justification-center is-layout-flex wp-container-core-buttons-is-layout-16018d1d wp-block-buttons-is-layout-flex\">\n<div class=\"wp-block-button is-style-outline is-style-outline--1\"><a class=\"wp-block-button__link wp-element-button\" href=\"https:\/\/olaf-viager.eu\/index.php\/2024\/08\/12\/bonjour-tout-le-monde\/\">Lire notre article<\/a><\/div>\n<\/div>\n<\/div><\/div>\n<\/div>\n\n\n\n<div class=\"wp-block-column is-layout-flow wp-block-column-is-layout-flow\">\n<div class=\"wp-block-group has-background\" style=\"background-color:#ffffff\"><div class=\"wp-block-group__inner-container is-layout-flow wp-block-group-is-layout-flow\">\n<h2 class=\"wp-block-heading has-text-align-center\">D\u00e9couvrez tous nos articles.<\/h2>\n\n\n\n<div class=\"wp-block-buttons is-content-justification-center is-layout-flex wp-container-core-buttons-is-layout-16018d1d wp-block-buttons-is-layout-flex\">\n<div class=\"wp-block-button is-style-outline is-style-outline--2\"><a class=\"wp-block-button__link wp-element-button\" href=\"https:\/\/olaf-viager.eu\/index.php\/blog\/\">Acc\u00e9der \u00e0 notre blog<\/a><\/div>\n<\/div>\n<\/div><\/div>\n<\/div>\n<\/div>\n","protected":false},"excerpt":{"rendered":"<p>Aide \u00e0 la d\u00e9cision et mise en relation pour les investissements en viager. D\u00e9couvrez le fonctionnement du viager. D\u00e9couvrez tous nos articles.<\/p>\n","protected":false},"author":1,"featured_media":0,"parent":0,"menu_order":0,"comment_status":"closed","ping_status":"closed","template":"","meta":{"footnotes":""},"class_list":["post-40","page","type-page","status-publish","hentry"],"_links":{"self":[{"href":"https:\/\/olaf-viager.eu\/index.php\/wp-json\/wp\/v2\/pages\/40","targetHints":{"allow":["GET"]}}],"collection":[{"href":"https:\/\/olaf-viager.eu\/index.php\/wp-json\/wp\/v2\/pages"}],"about":[{"href":"https:\/\/olaf-viager.eu\/index.php\/wp-json\/wp\/v2\/types\/page"}],"author":[{"embeddable":true,"href":"https:\/\/olaf-viager.eu\/index.php\/wp-json\/wp\/v2\/users\/1"}],"replies":[{"embeddable":true,"href":"https:\/\/olaf-viager.eu\/index.php\/wp-json\/wp\/v2\/comments?post=40"}],"version-history":[{"count":42,"href":"https:\/\/olaf-viager.eu\/index.php\/wp-json\/wp\/v2\/pages\/40\/revisions"}],"predecessor-version":[{"id":225,"href":"https:\/\/olaf-viager.eu\/index.php\/wp-json\/wp\/v2\/pages\/40\/revisions\/225"}],"wp:attachment":[{"href":"https:\/\/olaf-viager.eu\/index.php\/wp-json\/wp\/v2\/media?parent=40"}],"curies":[{"name":"wp","href":"https:\/\/api.w.org\/{rel}","templated":true}]}}